{"id":217,"date":"2026-02-04T05:55:15","date_gmt":"2026-02-04T04:55:15","guid":{"rendered":"https:\/\/turritap.com\/?post_type=product&#038;p=217"},"modified":"2026-04-21T13:04:53","modified_gmt":"2026-04-21T11:04:53","slug":"turritap-integrated","status":"publish","type":"product","link":"https:\/\/turritap.com\/de\/product\/turritap-integrated\/","title":{"rendered":"Turritap Inline"},"content":{"rendered":"<p data-start=\"99\" data-end=\"377\">Das<strong data-start=\"103\" data-end=\"126\"> Turritap Inline<\/strong> ist eine integrierte L\u00f6sung, die die Qualit\u00e4t Ihres Leitungswassers nachhaltig verbessert. Mit einem patentierten Design und hochwertiger Verarbeitung bietet dieses integrierte System eine langlebige Leistung ohne Wartungs- oder Austauschaufwand.<\/p>\n<p data-start=\"379\" data-end=\"504\">Die Einheit ist auf beiden Seiten mit einem 1\/2-Zoll-Gewinde ausgestattet, was eine einfache Integration in bestehende Wassersysteme erm\u00f6glicht.<\/p>\n<p data-start=\"506\" data-end=\"699\">Seine interne Struktur besteht aus 100% lebensmittelechter Keramik, die eine sichere und langlebige Wasseraufbereitung gew\u00e4hrleistet. Der integrierte Turritap muss nie ausgetauscht werden und wird mit einer 10-j\u00e4hrigen Garantie geliefert.<\/p>\n<p data-start=\"701\" data-end=\"858\">Hergestellt in den Niederlanden und Deutschland, und in den Niederlanden entworfen und montiert, garantiert dieses Produkt erstklassige europ\u00e4ische Qualit\u00e4t und Zuverl\u00e4ssigkeit.<\/p>\n<p data-start=\"860\" data-end=\"877\"><strong data-start=\"860\" data-end=\"877\">Hauptmerkmale:<\/strong><\/p>\n<ul>\n<li>1\/2 Zoll Gewindeanschluss auf beiden Seiten<\/li>\n<li>Patente Design<\/li>\n<li>Nachhaltige Wasserverbesserung<\/li>\n<li>Ben\u00f6tigt keinen Austausch<\/li>\n<li>10 Jahre Garantie<\/li>\n<li>100% lebensmittelechte Keramik-Innendesign<\/li>\n<li>Hergestellt in den Niederlanden und Deutschland<\/li>\n<li>Entworfen und montiert in den Niederlanden<\/li>\n<\/ul>","protected":false},"excerpt":{"rendered":"<h3 class=\"uagb-ifb-title\"><strong>Turritap Inline<br \/>\n<\/strong><span style=\"font-size: 16px\">Unter dem Wasserhahn, nach einem Filter, vor einem Quooker oder in der Dusche.\u00a0<\/span><\/h3>","protected":false},"featured_media":1795,"comment_status":"open","ping_status":"closed","template":"","meta":{"_acf_changed":false,"inline_featured_image":false,"_uag_custom_page_level_css":"","site-sidebar-layout":"default","site-content-layout":"","ast-site-content-layout":"default","site-content-style":"default","site-sidebar-style":"default","ast-global-header-display":"","ast-banner-title-visibility":"","ast-main-header-display":"","ast-hfb-above-header-display":"","ast-hfb-below-header-display":"","ast-hfb-mobile-header-display":"","site-post-title":"","ast-breadcrumbs-content":"","ast-featured-img":"","footer-sml-layout":"","ast-disable-related-posts":"","theme-transparent-header-meta":"default","adv-header-id-meta":"","stick-header-meta":"","header-above-stick-meta":"","header-main-stick-meta":"","header-below-stick-meta":"","astra-migrate-meta-layouts":"set","ast-page-background-enabled":"default","ast-page-background-meta":{"desktop":{"background-color":"var(--ast-global-color-4)","background-image":"","background-repeat":"repeat","background-position":"center center","background-size":"auto","background-attachment":"scroll","background-type":"","background-media":"","overlay-type":"","overlay-color":"","overlay-opacity":"","overlay-gradient":""},"tablet":{"background-color":"","background-image":"","background-repeat":"repeat","background-position":"center center","background-size":"auto","background-attachment":"scroll","background-type":"","background-media":"","overlay-type":"","overlay-color":"","overlay-opacity":"","overlay-gradient":""},"mobile":{"background-color":"","background-image":"","background-repeat":"repeat","background-position":"center center","background-size":"auto","background-attachment":"scroll","background-type":"","background-media":"","overlay-type":"","overlay-color":"","overlay-opacity":"","overlay-gradient":""}},"ast-content-background-meta":{"desktop":{"background-color":"var(--ast-global-color-5)","background-image":"","background-repeat":"repeat","background-position":"center center","background-size":"auto","background-attachment":"scroll","background-type":"","background-media":"","overlay-type":"","overlay-color":"","overlay-opacity":"","overlay-gradient":""},"tablet":{"background-color":"var(--ast-global-color-5)","background-image":"","background-repeat":"repeat","background-position":"center center","background-size":"auto","background-attachment":"scroll","background-type":"","background-media":"","overlay-type":"","overlay-color":"","overlay-opacity":"","overlay-gradient":""},"mobile":{"background-color":"var(--ast-global-color-5)","background-image":"","background-repeat":"repeat","background-position":"center center","background-size":"auto","background-attachment":"scroll","background-type":"","background-media":"","overlay-type":"","overlay-color":"","overlay-opacity":"","overlay-gradient":""}},"wds_primary_product_brand":93,"wds_primary_product_cat":0},"product_brand":[93],"product_cat":[23],"product_tag":[],"class_list":{"0":"post-217","1":"product","2":"type-product","3":"status-publish","4":"has-post-thumbnail","6":"product_brand-turritap","7":"product_cat-water-optimizers","8":"product_shipping_class-medium-packages-10-kg","9":"desktop-align-center","10":"tablet-align-left","11":"mobile-align-left","13":"first","14":"instock","15":"taxable","16":"shipping-taxable","17":"purchasable","18":"product-type-simple"},"acf":[],"spectra_custom_meta":{"_regular_price":["265"],"total_sales":["1"],"_tax_status":["taxable"],"_tax_class":[""],"_manage_stock":["yes"],"_backorders":["notify"],"_low_stock_amount":["15"],"_sold_individually":["no"],"_virtual":["no"],"_downloadable":["no"],"_download_limit":["-1"],"_download_expiry":["-1"],"_thumbnail_id":["1795"],"_stock":["29"],"_stock_status":["instock"],"_wc_average_rating":["0"],"_wc_review_count":["0"],"_product_version":["10.7.0"],"_price":["265"],"_wds_readability":["a:4:{s:5:\"score\";i:38;s:9:\"raw_score\";i:38;s:11:\"is_readable\";b:0;s:5:\"error\";b:0;}"],"_wds_primary_term_product_cat":["false"],"_wds_save_primary_product_cat_nonce":["540e01b330"],"_wds_primary_term_product_brand":["93"],"_wds_save_primary_product_brand_nonce":["540e01b330"],"_wds_trimmed_excerpt":["Turritap Inline Under the tap, after a filter, before a Quooker, or in the shower. Ask about the options."],"site-sidebar-layout":["default"],"ast-site-content-layout":["default"],"site-content-style":["default"],"site-sidebar-style":["default"],"theme-transparent-header-meta":["default"],"_edit_lock":["1776769359:6"],"_edit_last":["6"],"sc_hs_code":["8421 21 00"],"sc_country_of_origin":["NL"],"sc_ean_code":[""],"productUpdateHash":["399fc6670871474cd7ce0458401fd299"],"_sku":["1002"],"_weight":["0.175"],"_length":["34"],"_width":["28"],"_height":["15"],"wds_primary_product_brand":["93"],"_wds_focus-keywords":[""],"_product_image_gallery":["1797,1795,1782,1783,1794,1792,1821,1820,1819,1818,1823,1824,1808"],"astra-migrate-meta-layouts":["set"],"_uag_css_file_name":["uag-css-217.css"],"_elementor_page_assets":["a:0:{}"],"_uag_page_assets":["a:9:{s:3:\"css\";s:260:\".uag-blocks-common-selector{z-index:var(--z-index-desktop) !important}@media(max-width: 976px){.uag-blocks-common-selector{z-index:var(--z-index-tablet) !important}}@media(max-width: 767px){.uag-blocks-common-selector{z-index:var(--z-index-mobile) !important}}\";s:2:\"js\";s:0:\"\";s:18:\"current_block_list\";a:7:{i:0;s:11:\"core\/search\";i:1;s:10:\"core\/group\";i:2;s:12:\"core\/heading\";i:3;s:17:\"core\/latest-posts\";i:4;s:20:\"core\/latest-comments\";i:5;s:13:\"core\/archives\";i:6;s:15:\"core\/categories\";}s:8:\"uag_flag\";b:0;s:11:\"uag_version\";i:1776865073;s:6:\"gfonts\";a:0:{}s:10:\"gfonts_url\";s:0:\"\";s:12:\"gfonts_files\";a:0:{}s:14:\"uag_faq_layout\";b:0;}"]},"uagb_featured_image_src":{"full":["https:\/\/turritap.com\/wp-content\/uploads\/2026\/04\/IL-rechtop-met-connect-en-vaag-core-.jpeg",1600,1200,false],"thumbnail":["https:\/\/turritap.com\/wp-content\/uploads\/2026\/04\/IL-rechtop-met-connect-en-vaag-core--150x150.jpeg",150,150,true],"medium":["https:\/\/turritap.com\/wp-content\/uploads\/2026\/04\/IL-rechtop-met-connect-en-vaag-core--300x225.jpeg",300,225,true],"medium_large":["https:\/\/turritap.com\/wp-content\/uploads\/2026\/04\/IL-rechtop-met-connect-en-vaag-core--768x576.jpeg",768,576,true],"large":["https:\/\/turritap.com\/wp-content\/uploads\/2026\/04\/IL-rechtop-met-connect-en-vaag-core--1024x768.jpeg",1024,768,true],"1536x1536":["https:\/\/turritap.com\/wp-content\/uploads\/2026\/04\/IL-rechtop-met-connect-en-vaag-core--1536x1152.jpeg",1536,1152,true],"2048x2048":["https:\/\/turritap.com\/wp-content\/uploads\/2026\/04\/IL-rechtop-met-connect-en-vaag-core-.jpeg",1600,1200,false],"trp-custom-language-flag":["https:\/\/turritap.com\/wp-content\/uploads\/2026\/04\/IL-rechtop-met-connect-en-vaag-core-.jpeg",16,12,false],"woocommerce_thumbnail":["https:\/\/turritap.com\/wp-content\/uploads\/2026\/04\/IL-rechtop-met-connect-en-vaag-core--300x300.jpeg",300,300,true],"woocommerce_single":["https:\/\/turritap.com\/wp-content\/uploads\/2026\/04\/IL-rechtop-met-connect-en-vaag-core--600x450.jpeg",600,450,true],"woocommerce_gallery_thumbnail":["https:\/\/turritap.com\/wp-content\/uploads\/2026\/04\/IL-rechtop-met-connect-en-vaag-core--100x100.jpeg",100,100,true]},"uagb_author_info":{"display_name":"Ton","author_link":"https:\/\/turritap.com\/de\/author\/"},"uagb_comment_info":0,"uagb_excerpt":"Turritap Inline Under the tap, after a filter, before a Quooker, or in the shower.\u00a0","_links":{"self":[{"href":"https:\/\/turritap.com\/de\/wp-json\/wp\/v2\/product\/217","targetHints":{"allow":["GET"]}}],"collection":[{"href":"https:\/\/turritap.com\/de\/wp-json\/wp\/v2\/product"}],"about":[{"href":"https:\/\/turritap.com\/de\/wp-json\/wp\/v2\/types\/product"}],"replies":[{"embeddable":true,"href":"https:\/\/turritap.com\/de\/wp-json\/wp\/v2\/comments?post=217"}],"wp:featuredmedia":[{"embeddable":true,"href":"https:\/\/turritap.com\/de\/wp-json\/wp\/v2\/media\/1795"}],"wp:attachment":[{"href":"https:\/\/turritap.com\/de\/wp-json\/wp\/v2\/media?parent=217"}],"wp:term":[{"taxonomy":"product_brand","embeddable":true,"href":"https:\/\/turritap.com\/de\/wp-json\/wp\/v2\/product_brand?post=217"},{"taxonomy":"product_cat","embeddable":true,"href":"https:\/\/turritap.com\/de\/wp-json\/wp\/v2\/product_cat?post=217"},{"taxonomy":"product_tag","embeddable":true,"href":"https:\/\/turritap.com\/de\/wp-json\/wp\/v2\/product_tag?post=217"}],"curies":[{"name":"wp","href":"https:\/\/api.w.org\/{rel}","templated":true}]}}