{"id":218,"date":"2026-02-04T05:45:50","date_gmt":"2026-02-04T04:45:50","guid":{"rendered":"https:\/\/turritap.com\/?post_type=product&#038;p=218"},"modified":"2026-04-13T15:22:19","modified_gmt":"2026-04-13T13:22:19","slug":"turritap-travel","status":"publish","type":"product","link":"https:\/\/turritap.com\/fr\/product\/turritap-travel\/","title":{"rendered":"Turritap Travel"},"content":{"rendered":"<p data-start=\"81\" data-end=\"360\">Le <strong data-start=\"85\" data-end=\"104\">Turritap Travel<\/strong> is a compact and versatile solution designed to sustainably enhance the quality of your water wherever you are. Ideal for travel, outdoor use, or temporary installations, this model combines convenience with the trusted performance of the Turritap system.<\/p>\n<p data-start=\"362\" data-end=\"536\">The Turritap Travel features a 22 mm inner thread and comes equipped with a food-grade stainless steel funnel, allowing for easy and practical use in a variety of situations.<\/p>\n<p data-start=\"538\" data-end=\"783\">With its patented design and durable construction, the Turritap Travel provides long-lasting water enhancement without the need for replacement. The internal structure is made from 100% food-grade ceramic, ensuring safe and reliable performance.<\/p>\n<p data-start=\"785\" data-end=\"993\">Manufactured in the Netherlands and Germany, and designed and assembled in the Netherlands, the Turritap Travel guarantees premium European quality. It is backed by a 10-year warranty for added peace of mind.<\/p>\n<p data-start=\"995\" data-end=\"1012\"><strong data-start=\"995\" data-end=\"1012\">Caract\u00e9ristiques principales :<\/strong><\/p>\n<ul>\n<li>Filetage int\u00e9rieur 22 mm<\/li>\n<li>Includes food-grade stainless steel funnel<\/li>\n<li>Conception brevet\u00e9e<\/li>\n<li>Am\u00e9lioration durable de l'eau<\/li>\n<li>Ne n\u00e9cessite jamais de remplacement<\/li>\n<li>Garantie 10 ans<\/li>\n<li>100% design int\u00e9rieur en c\u00e9ramique de qualit\u00e9 alimentaire<\/li>\n<li>Fabriqu\u00e9 aux Pays-Bas et en Allemagne<\/li>\n<li>Con\u00e7u et assembl\u00e9 aux Pays-Bas<\/li>\n<\/ul>","protected":false},"excerpt":{"rendered":"<div class=\"uagb-ifb-title-wrap\">\n<h3 class=\"uagb-ifb-title\"><strong>Turritap Travel<br \/>\n<\/strong><span style=\"font-size: 16px\">The funnel is specially designed for Turritap. Use Turritap on the move<\/span><\/h3>\n<\/div>","protected":false},"featured_media":1801,"comment_status":"open","ping_status":"closed","template":"","meta":{"_acf_changed":false,"inline_featured_image":false,"_uag_custom_page_level_css":"","site-sidebar-layout":"default","site-content-layout":"","ast-site-content-layout":"default","site-content-style":"default","site-sidebar-style":"default","ast-global-header-display":"","ast-banner-title-visibility":"","ast-main-header-display":"","ast-hfb-above-header-display":"","ast-hfb-below-header-display":"","ast-hfb-mobile-header-display":"","site-post-title":"","ast-breadcrumbs-content":"","ast-featured-img":"","footer-sml-layout":"","ast-disable-related-posts":"","theme-transparent-header-meta":"default","adv-header-id-meta":"","stick-header-meta":"","header-above-stick-meta":"","header-main-stick-meta":"","header-below-stick-meta":"","astra-migrate-meta-layouts":"set","ast-page-background-enabled":"default","ast-page-background-meta":{"desktop":{"background-color":"var(--ast-global-color-4)","background-image":"","background-repeat":"repeat","background-position":"center center","background-size":"auto","background-attachment":"scroll","background-type":"","background-media":"","overlay-type":"","overlay-color":"","overlay-opacity":"","overlay-gradient":""},"tablet":{"background-color":"","background-image":"","background-repeat":"repeat","background-position":"center center","background-size":"auto","background-attachment":"scroll","background-type":"","background-media":"","overlay-type":"","overlay-color":"","overlay-opacity":"","overlay-gradient":""},"mobile":{"background-color":"","background-image":"","background-repeat":"repeat","background-position":"center center","background-size":"auto","background-attachment":"scroll","background-type":"","background-media":"","overlay-type":"","overlay-color":"","overlay-opacity":"","overlay-gradient":""}},"ast-content-background-meta":{"desktop":{"background-color":"var(--ast-global-color-5)","background-image":"","background-repeat":"repeat","background-position":"center center","background-size":"auto","background-attachment":"scroll","background-type":"","background-media":"","overlay-type":"","overlay-color":"","overlay-opacity":"","overlay-gradient":""},"tablet":{"background-color":"var(--ast-global-color-5)","background-image":"","background-repeat":"repeat","background-position":"center center","background-size":"auto","background-attachment":"scroll","background-type":"","background-media":"","overlay-type":"","overlay-color":"","overlay-opacity":"","overlay-gradient":""},"mobile":{"background-color":"var(--ast-global-color-5)","background-image":"","background-repeat":"repeat","background-position":"center center","background-size":"auto","background-attachment":"scroll","background-type":"","background-media":"","overlay-type":"","overlay-color":"","overlay-opacity":"","overlay-gradient":""}},"wds_primary_product_brand":0,"wds_primary_product_cat":0},"product_brand":[],"product_cat":[23],"product_tag":[],"class_list":{"0":"post-218","1":"product","2":"type-product","3":"status-publish","4":"has-post-thumbnail","6":"product_cat-water-optimizers","7":"product_shipping_class-medium-packages-10-kg","8":"desktop-align-center","9":"tablet-align-left","10":"mobile-align-left","12":"first","13":"instock","14":"taxable","15":"shipping-taxable","16":"purchasable","17":"product-type-simple"},"acf":[],"spectra_custom_meta":{"_regular_price":["299"],"total_sales":["1"],"_tax_status":["taxable"],"_tax_class":[""],"_manage_stock":["yes"],"_backorders":["notify"],"_low_stock_amount":["5"],"_sold_individually":["no"],"_virtual":["no"],"_downloadable":["no"],"_download_limit":["-1"],"_download_expiry":["-1"],"_thumbnail_id":["1801"],"_stock":["6"],"_stock_status":["instock"],"_wc_average_rating":["0"],"_wc_review_count":["0"],"_product_version":["10.6.2"],"_price":["299"],"_wds_readability":["a:4:{s:5:\"score\";i:41;s:9:\"raw_score\";i:41;s:11:\"is_readable\";b:0;s:5:\"error\";b:0;}"],"_wds_primary_term_product_cat":["false"],"_wds_save_primary_product_cat_nonce":["540e01b330"],"_wds_primary_term_product_brand":["false"],"_wds_save_primary_product_brand_nonce":["540e01b330"],"_wds_trimmed_excerpt":["Turritap Travel The funnel is specially designed for Turritap. Use Turritap on the move"],"site-sidebar-layout":["default"],"ast-site-content-layout":["default"],"site-content-style":["default"],"site-sidebar-style":["default"],"theme-transparent-header-meta":["default"],"_edit_lock":["1776086463:6"],"_edit_last":["6"],"_wp_old_slug":["turritap-portable-add-on-funnel"],"sc_hs_code":["8421 21 00"],"sc_country_of_origin":["NL"],"sc_ean_code":[""],"_sku":["1003"],"productUpdateHash":["399fc6670871474cd7ce0458401fd299"],"woolentor_views_count_product":["2"],"_weight":["0.25"],"_length":["34"],"_width":["28"],"_height":["15"],"_wds_focus-keywords":[""],"_product_image_gallery":["1801,1800,1804,1802,1783,1782,1808"],"astra-migrate-meta-layouts":["set"],"_uag_css_file_name":["uag-css-218.css"],"_elementor_page_assets":["a:0:{}"],"_uag_page_assets":["a:9:{s:3:\"css\";s:260:\".uag-blocks-common-selector{z-index:var(--z-index-desktop) !important}@media(max-width: 976px){.uag-blocks-common-selector{z-index:var(--z-index-tablet) !important}}@media(max-width: 767px){.uag-blocks-common-selector{z-index:var(--z-index-mobile) !important}}\";s:2:\"js\";s:0:\"\";s:18:\"current_block_list\";a:7:{i:0;s:11:\"core\/search\";i:1;s:10:\"core\/group\";i:2;s:12:\"core\/heading\";i:3;s:17:\"core\/latest-posts\";i:4;s:20:\"core\/latest-comments\";i:5;s:13:\"core\/archives\";i:6;s:15:\"core\/categories\";}s:8:\"uag_flag\";b:0;s:11:\"uag_version\";i:1776865044;s:6:\"gfonts\";a:0:{}s:10:\"gfonts_url\";s:0:\"\";s:12:\"gfonts_files\";a:0:{}s:14:\"uag_faq_layout\";b:0;}"]},"uagb_featured_image_src":{"full":["https:\/\/turritap.com\/wp-content\/uploads\/2026\/04\/T-geheel.jpeg",1600,1200,false],"thumbnail":["https:\/\/turritap.com\/wp-content\/uploads\/2026\/04\/T-geheel-150x150.jpeg",150,150,true],"medium":["https:\/\/turritap.com\/wp-content\/uploads\/2026\/04\/T-geheel-300x225.jpeg",300,225,true],"medium_large":["https:\/\/turritap.com\/wp-content\/uploads\/2026\/04\/T-geheel-768x576.jpeg",768,576,true],"large":["https:\/\/turritap.com\/wp-content\/uploads\/2026\/04\/T-geheel-1024x768.jpeg",1024,768,true],"1536x1536":["https:\/\/turritap.com\/wp-content\/uploads\/2026\/04\/T-geheel-1536x1152.jpeg",1536,1152,true],"2048x2048":["https:\/\/turritap.com\/wp-content\/uploads\/2026\/04\/T-geheel.jpeg",1600,1200,false],"trp-custom-language-flag":["https:\/\/turritap.com\/wp-content\/uploads\/2026\/04\/T-geheel.jpeg",16,12,false],"woocommerce_thumbnail":["https:\/\/turritap.com\/wp-content\/uploads\/2026\/04\/T-geheel-300x300.jpeg",300,300,true],"woocommerce_single":["https:\/\/turritap.com\/wp-content\/uploads\/2026\/04\/T-geheel-600x450.jpeg",600,450,true],"woocommerce_gallery_thumbnail":["https:\/\/turritap.com\/wp-content\/uploads\/2026\/04\/T-geheel-100x100.jpeg",100,100,true]},"uagb_author_info":{"display_name":"Ton","author_link":"https:\/\/turritap.com\/fr\/author\/"},"uagb_comment_info":0,"uagb_excerpt":"Turritap Travel The funnel is specially designed for Turritap. Use Turritap on the move","_links":{"self":[{"href":"https:\/\/turritap.com\/fr\/wp-json\/wp\/v2\/product\/218","targetHints":{"allow":["GET"]}}],"collection":[{"href":"https:\/\/turritap.com\/fr\/wp-json\/wp\/v2\/product"}],"about":[{"href":"https:\/\/turritap.com\/fr\/wp-json\/wp\/v2\/types\/product"}],"replies":[{"embeddable":true,"href":"https:\/\/turritap.com\/fr\/wp-json\/wp\/v2\/comments?post=218"}],"wp:featuredmedia":[{"embeddable":true,"href":"https:\/\/turritap.com\/fr\/wp-json\/wp\/v2\/media\/1801"}],"wp:attachment":[{"href":"https:\/\/turritap.com\/fr\/wp-json\/wp\/v2\/media?parent=218"}],"wp:term":[{"taxonomy":"product_brand","embeddable":true,"href":"https:\/\/turritap.com\/fr\/wp-json\/wp\/v2\/product_brand?post=218"},{"taxonomy":"product_cat","embeddable":true,"href":"https:\/\/turritap.com\/fr\/wp-json\/wp\/v2\/product_cat?post=218"},{"taxonomy":"product_tag","embeddable":true,"href":"https:\/\/turritap.com\/fr\/wp-json\/wp\/v2\/product_tag?post=218"}],"curies":[{"name":"wp","href":"https:\/\/api.w.org\/{rel}","templated":true}]}}